{"id":2945,"date":"2018-03-17T15:10:44","date_gmt":"2018-03-17T14:10:44","guid":{"rendered":"http:\/\/www.karate-celle.de\/?page_id=2945"},"modified":"2022-12-18T19:04:03","modified_gmt":"2022-12-18T18:04:03","slug":"aktuelles-aus-dem-dojo","status":"publish","type":"page","link":"https:\/\/www.karate-celle.de\/index.php\/aktuelles-aus-dem-dojo\/","title":{"rendered":"Aktuelles aus dem Dojo"},"content":{"rendered":"<div class=\"wpb-content-wrapper\"><p>[vc_row][vc_column][vc_separator][vc_column_text]Nach intensiver Vorbereitung und flei\u00dfigem Training konnten alle Karatekas ihre neuen Kyu-Grade und G\u00fcrtel feiern.[\/vc_column_text][vc_separator style=&#8220;shadow&#8220;][vc_row_inner][vc_column_inner width=&#8220;1\/2&#8243;][vc_single_image image=&#8220;2985&#8243; img_size=&#8220;full&#8220;][\/vc_column_inner][vc_column_inner width=&#8220;1\/2&#8243;][vc_single_image image=&#8220;2984&#8243; img_size=&#8220;full&#8220;][\/vc_column_inner][\/vc_row_inner][\/vc_column][\/vc_row][vc_row][vc_column][vc_separator style=&#8220;double&#8220;][\/vc_column][\/vc_row][vc_row][vc_column width=&#8220;1\/2&#8243;][vc_empty_space height=&#8220;40px&#8220; alter_height=&#8220;large&#8220; hide_on_mobile=&#8220;1&#8243;][vc_column_text]Dan Pr\u00fcfung in Daun mit den Pr\u00fcfern Marcus Gutzmer (6.Dan)\u00a0und Volker Bernardy (5.Dan) im M\u00e4rz 2018<\/p>\n<p>es bestanden die Danpr\u00fcfung:<\/p>\n<p>Bernd L\u00fccke-Fr\u00e4rks zum 4.Dan<\/p>\n<p>Engelbert Cologna zum 3.Dan<\/p>\n<p>Andr\u00e9 Th\u00fcring zum 1.Dan[\/vc_column_text][\/vc_column][vc_column width=&#8220;1\/2&#8243;][vc_single_image image=&#8220;2946&#8243; img_size=&#8220;full&#8220; alignment=&#8220;center&#8220;][\/vc_column][\/vc_row][vc_row][vc_column][vc_separator][\/vc_column][\/vc_row]<\/p>\n<\/div>","protected":false},"excerpt":{"rendered":"<p>[vc_row][vc_column][vc_separator][vc_column_text]Nach intensiver Vorbereitung und flei\u00dfigem Training konnten alle Karatekas ihre neuen Kyu-Grade und G\u00fcrtel feiern.[\/vc_column_text][vc_separator style=&#8220;shadow&#8220;][vc_row_inner][vc_column_inner width=&#8220;1\/2&#8243;][vc_single_image image=&#8220;2985&#8243; img_size=&#8220;full&#8220;][\/vc_column_inner][vc_column_inner width=&#8220;1\/2&#8243;][vc_single_image image=&#8220;2984&#8243; img_size=&#8220;full&#8220;][\/vc_column_inner][\/vc_row_inner][\/vc_column][\/vc_row][vc_row][vc_column][vc_separator style=&#8220;double&#8220;][\/vc_column][\/vc_row][vc_row][vc_column width=&#8220;1\/2&#8243;][vc_empty_space height=&#8220;40px&#8220; alter_height=&#8220;large&#8220; hide_on_mobile=&#8220;1&#8243;][vc_column_text]Dan Pr\u00fcfung in Daun mit den Pr\u00fcfern Marcus Gutzmer (6.Dan)\u00a0und Volker Bernardy (5.Dan) im M\u00e4rz 2018 es bestanden die Danpr\u00fcfung: Bernd L\u00fccke-Fr\u00e4rks zum 4.Dan Engelbert Cologna zum 3.Dan Andr\u00e9 [&hellip;]<\/p>\n","protected":false},"author":1,"featured_media":0,"parent":0,"menu_order":0,"comment_status":"closed","ping_status":"closed","template":"","meta":{"footnotes":""},"class_list":["post-2945","page","type-page","status-publish","hentry"],"_links":{"self":[{"href":"https:\/\/www.karate-celle.de\/index.php\/wp-json\/wp\/v2\/pages\/2945","targetHints":{"allow":["GET"]}}],"collection":[{"href":"https:\/\/www.karate-celle.de\/index.php\/wp-json\/wp\/v2\/pages"}],"about":[{"href":"https:\/\/www.karate-celle.de\/index.php\/wp-json\/wp\/v2\/types\/page"}],"author":[{"embeddable":true,"href":"https:\/\/www.karate-celle.de\/index.php\/wp-json\/wp\/v2\/users\/1"}],"replies":[{"embeddable":true,"href":"https:\/\/www.karate-celle.de\/index.php\/wp-json\/wp\/v2\/comments?post=2945"}],"version-history":[{"count":10,"href":"https:\/\/www.karate-celle.de\/index.php\/wp-json\/wp\/v2\/pages\/2945\/revisions"}],"predecessor-version":[{"id":3187,"href":"https:\/\/www.karate-celle.de\/index.php\/wp-json\/wp\/v2\/pages\/2945\/revisions\/3187"}],"wp:attachment":[{"href":"https:\/\/www.karate-celle.de\/index.php\/wp-json\/wp\/v2\/media?parent=2945"}],"curies":[{"name":"wp","href":"https:\/\/api.w.org\/{rel}","templated":true}]}}