{"id":321,"date":"2018-01-01T15:30:33","date_gmt":"2018-01-01T14:30:33","guid":{"rendered":"http:\/\/www.karate-celle.de\/?page_id=321"},"modified":"2024-05-24T17:57:40","modified_gmt":"2024-05-24T15:57:40","slug":"okinawa-karate-dojo-mtve-celle","status":"publish","type":"page","link":"https:\/\/www.karate-celle.de\/","title":{"rendered":"Okinawa Karate Dojo MTVE Celle"},"content":{"rendered":"<div class=\"wpb-content-wrapper\"><p>[vc_row full_width=&#8220;stretch_row&#8220; css=&#8220;.vc_custom_1517757068135{padding-top: 7em !important;padding-bottom: 9em !important;background-position: center !important;background-repeat: no-repeat !important;background-size: contain !important;}&#8220;][vc_column css_animation=&#8220;slideInLeft&#8220; width=&#8220;5\/12&#8243;][vc_column_text]Herzlich Willkommen im<\/p>\n<h5>Okinawa Karate Dojo MTVE Celle<\/h5>\n<p class=\"vc_custom_heading\">Wir trainieren Shotokan Karate und sind Mitglied beim Deutschen Karate Verband.<\/p>\n<p>Shotokan Karate ist eine hochpr\u00e4zise Schlag- und Sto\u00dfkunst mit Armen und Beinen, die \u00e4u\u00dferste Selbstdisziplin verlangt und entwickelt, da beim \u00dcben auch der st\u00e4rkste Schlag oder Tritt vor dem K\u00f6rper des Partners gestoppt werden mu\u00df.<\/p>\n<p>Karate ist ein Kampfsport f\u00fcr alle Altersstufen<\/p>\n<p>Karate ist eine wirksame Selbstverteidigung<\/p>\n<p>Karate ist der ideale Ausgleich zum Alltag<\/p>\n<p>Karate ist Sport mit netten Menschen<\/p>\n<p>Eine Teilnahme im laufenden Trainingsprogramm ist auch f\u00fcr Anf\u00e4nger jederzeit m\u00f6glich.<\/p>\n<p>Unsere erfahrenen Trainer integrieren jeden Karatega entsprechend seiner Vorkenntnisse. Unsere Trainingszeiten k\u00f6nnt ihr weiter unten nachsehen.[\/vc_column_text][\/vc_column][vc_column width=&#8220;1\/4&#8243; css=&#8220;.vc_custom_1517757151925{background-position: center !important;background-repeat: no-repeat !important;background-size: cover !important;}&#8220; offset=&#8220;vc_hidden-xs&#8220;][vc_single_image image=&#8220;2749&#8243; img_size=&#8220;full&#8220;][\/vc_column][vc_column width=&#8220;1\/3&#8243;][vc_images_carousel images=&#8220;2681,2469,2474,2464,2825&#8243; img_size=&#8220;200&#215;300&#8243; speed=&#8220;2000&#8243; autoplay=&#8220;yes&#8220; hide_pagination_control=&#8220;yes&#8220; wrap=&#8220;yes&#8220;][vc_separator][vc_column_text]<\/p>\n<blockquote><p><span style=\"color: #000000;\">\u00a0Karate Do beginnt mit Respekt und endet mit Respekt<\/span><\/p>\n<h6><span style=\"color: #000000;\">Ginshin\u00a0Funakoshi<\/span><\/h6>\n<\/blockquote>\n<p>[\/vc_column_text][\/vc_column][\/vc_row][vc_row][vc_column width=&#8220;5\/12&#8243;][vc_single_image image=&#8220;2819&#8243; img_size=&#8220;980&#215;650&#8243;][vc_custom_heading text=&#8220;Alle Graduierungen trainieren zusammen in abgestuften Schwierigkeitsgraden. Weiter Informationen zum Erwachsenen Training findet ihr hier.&#8220; font_container=&#8220;tag:h6|font_size:17|text_align:left|color:%23000000|line_height:2&#8243; google_fonts=&#8220;font_family:Philosopher%3Aregular%2Citalic%2C700%2C700italic|font_style:400%20italic%3A400%3Aitalic&#8220;][vc_btn title=&#8220;Erwachsenentraining&#8220; color=&#8220;primary&#8220; link=&#8220;url:https%3A%2F%2Fwww.karate-celle.de%2Findex.php%2Fprograms%2F|title:Training&#8220;][\/vc_column][vc_column width=&#8220;1\/6&#8243;][\/vc_column][vc_column width=&#8220;5\/12&#8243;][vc_single_image image=&#8220;2494&#8243; img_size=&#8220;980&#215;650&#8243;][vc_custom_heading text=&#8220;Karate f\u00f6rdert die Koordination und st\u00e4rkt das Selbstvertrauen.<br \/>\nKaratetraining mit anderen Kindern macht Spa\u00df.<br \/>\nKarate ist bei uns ab 10 Jahren m\u00f6glich<br \/>\nAnf\u00e4ngerkurse beginnen immer nach den Schulferien&#8220; font_container=&#8220;tag:h6|font_size:17|text_align:left|color:%23000000|line_height:2&#8243; google_fonts=&#8220;font_family:Philosopher%3Aregular%2Citalic%2C700%2C700italic|font_style:400%20italic%3A400%3Aitalic&#8220; css=&#8220;&#8220;][vc_btn title=&#8220;Kindertraining&#8220; color=&#8220;primary&#8220; link=&#8220;url:https%3A%2F%2Fwww.karate-celle.de%2Findex.php%2Fprograms%2F|title:Kinder%20Karate&#8220;][\/vc_column][\/vc_row][vc_row][vc_column][vc_separator color=&#8220;black&#8220; style=&#8220;double&#8220; border_width=&#8220;2&#8243; css_animation=&#8220;none&#8220;][\/vc_column][\/vc_row]<\/p>\n<\/div>","protected":false},"excerpt":{"rendered":"<p>[vc_row full_width=&#8220;stretch_row&#8220; css=&#8220;.vc_custom_1517757068135{padding-top: 7em !important;padding-bottom: 9em !important;background-position: center !important;background-repeat: no-repeat !important;background-size: contain !important;}&#8220;][vc_column css_animation=&#8220;slideInLeft&#8220; width=&#8220;5\/12&#8243;][vc_column_text]Herzlich Willkommen im Okinawa Karate Dojo MTVE Celle Wir trainieren Shotokan Karate und sind Mitglied beim Deutschen Karate Verband. Shotokan Karate ist eine hochpr\u00e4zise Schlag- und Sto\u00dfkunst mit Armen und Beinen, die \u00e4u\u00dferste Selbstdisziplin verlangt und entwickelt, da beim \u00dcben auch [&hellip;]<\/p>\n","protected":false},"author":1,"featured_media":0,"parent":0,"menu_order":0,"comment_status":"closed","ping_status":"closed","template":"","meta":{"footnotes":""},"class_list":["post-321","page","type-page","status-publish","hentry"],"_links":{"self":[{"href":"https:\/\/www.karate-celle.de\/index.php\/wp-json\/wp\/v2\/pages\/321","targetHints":{"allow":["GET"]}}],"collection":[{"href":"https:\/\/www.karate-celle.de\/index.php\/wp-json\/wp\/v2\/pages"}],"about":[{"href":"https:\/\/www.karate-celle.de\/index.php\/wp-json\/wp\/v2\/types\/page"}],"author":[{"embeddable":true,"href":"https:\/\/www.karate-celle.de\/index.php\/wp-json\/wp\/v2\/users\/1"}],"replies":[{"embeddable":true,"href":"https:\/\/www.karate-celle.de\/index.php\/wp-json\/wp\/v2\/comments?post=321"}],"version-history":[{"count":119,"href":"https:\/\/www.karate-celle.de\/index.php\/wp-json\/wp\/v2\/pages\/321\/revisions"}],"predecessor-version":[{"id":3206,"href":"https:\/\/www.karate-celle.de\/index.php\/wp-json\/wp\/v2\/pages\/321\/revisions\/3206"}],"wp:attachment":[{"href":"https:\/\/www.karate-celle.de\/index.php\/wp-json\/wp\/v2\/media?parent=321"}],"curies":[{"name":"wp","href":"https:\/\/api.w.org\/{rel}","templated":true}]}}